{"id":14,"date":"2010-06-21T09:50:16","date_gmt":"2010-06-21T07:50:16","guid":{"rendered":"http:\/\/suhteabi.ee\/index.php\/"},"modified":"2025-01-22T15:35:29","modified_gmt":"2025-01-22T13:35:29","slug":"teenused","status":"publish","type":"page","link":"https:\/\/suhteabi.ee\/","title":{"rendered":"TEENUSED"},"content":{"rendered":"<p style=\"text-align: justify;\">K\u00f5ik teenused eeldavad osapooltelt aktiivset panust ehk kaasa m\u00f5tlemist. N\u00f5ustamise puhul on tavap\u00e4raselt minimaalne kohtumiste arv viis, sageli\u00a0 kohtume k\u00fcmme korda kahe n\u00e4dalaste vahedega.<\/p>\n<p style=\"text-align: justify;\"><strong>Paarin\u00f5ustamine<\/strong> on t\u00f6\u00f6 paariga ja nende suhteprobleemiga. T\u00f6\u00f6tatakse abielusuhtega, l\u00e4hisuhtega v\u00f5i partnerisuhtega.\u00a0\u00a0<\/p>\n<p style=\"text-align: justify;\"><strong>Peren\u00f5ustamine<\/strong> toimub siis, kui \u00fche v\u00f5i m\u00f5ne pereliikme k\u00e4itumine v\u00f5i terviseh\u00e4ire muret teeb. Selle leevendamiseks v\u00f5i likvideerimiseks kaasatakse pereliikmeid. Tihti tullakse abi saama lapse p\u00e4rast, kes ei j\u00e4rgi kehtestatud reegleid, kellega vanemal v\u00f5i vanematel on raske toime tulla. Tullakse ka siis kui teismelistega on tekkinud suhtlemisprobleemid, mis pere harmooniat takistavad. Peren\u00f5ustamine sobib ka siis, kui toimunud v\u00f5i eelseisvate muudatuste t\u00f5ttu on peres t\u00f5sised arusaamatused v\u00f5i on ees keeruliste valikute aeg. Tihti aitab peren\u00f5ustamine lahkuminekuga seotud olukorra lahendamisel sh lastele toetava kasvukeskkonna loomisel ja s\u00e4ilitamisel. Peren\u00f5ustamise osapoolteks v\u00f5ivad olla ka vanem ja tema t\u00e4iskasvanud laps.<\/p>\n<p style=\"text-align: justify;\"><strong>Kristlik n\u00f5ustamine<\/strong> on n\u00f5ustamise eriliik, kus v\u00f5etakse olulisel m\u00e4\u00e4ral arvesse usulist tausta, p\u00f5him\u00f5tted, \u00f5petusi ja uskumusi.<\/p>\n<p style=\"text-align: justify;\"><strong>Individuaalne n\u00f5ustamine<\/strong> on t\u00f6\u00f6 \u00fche isiku m\u00f5tete, tunnete, kogemustega endast paremaks arusaamiseks ja teatud muutuste tekitamiseks. Sageli saab see peren\u00f5ustamise alguseks, sest indiviid on suhetes\u00fcsteemi osa.\u00a0<\/p>\n<p style=\"text-align: justify;\">Teemad, mille p\u00e4rast n\u00f5ustamisele tullakse:<\/p>\n<ul style=\"text-align: justify;\">\n<li>Vanem\u00a0ei saa lapsest jagu &#8211; lapsele peab korduvalt \u00fctlema, mida teha v\u00f5i mitte teha ja ta ei kuula.<\/li>\n<li>Lapsel on vihahood ja kakleb koolis.<\/li>\n<li>Laps ei tule p\u00e4rast kooli koju ja tal on kahtlased s\u00f5brad.<\/li>\n<li>Vanem\u00a0tahaks oma pubekat paremini m\u00f5ista, aga\u00a0ei saa temaga kontakti<\/li>\n<li>Vanemad ei ela enam koos. Kuidas teha nii, et laps sellep\u00e4rast v\u00f5imalikult v\u00e4he kannataks<\/li>\n<li>Laps protestib vanema uue elukaaslase vastu<\/li>\n<li>Lapsed ei taha minust lahus elava isa v\u00f5i ema\u00a0juurde minna<\/li>\n<li>Ma tahaks lahku minna, aga ei tea, millega pean lastega seoses arvestama ja milliseid kokkuleppeid lastega seoses tegema<\/li>\n<li>\u00dche paarilise hirm, et ta j\u00e4etakse maha<\/li>\n<li>Suhte t\u00fcdimus st midagi pole halvasti, aga h\u00e4sti ka pole<\/li>\n<li>Ma ei tea, kas tahan selles suhtes j\u00e4tkata<\/li>\n<li>\u00c4mm\/\u00c4i segab ennast meie ellu sellisel m\u00e4\u00e4ral, et see on mulle liig<\/li>\n<li>Minu peal on kogu majapidamine ja lastekasvatus, ma ei jaksa enam<\/li>\n<li>Me ei saa omavahel \u00fcldse l\u00e4bi &#8211; iga vestlus viib t\u00fclini.<\/li>\n<li>Petmine on meie suhtesse sellise m\u00f5ra l\u00f6\u00f6nud, et ma ei tea, kas seda saab parandada.<\/li>\n<\/ul>\n<p style=\"text-align: justify;\">Teadaolevalt Eestis esimesena pakun sellist teenust nagu <strong>suhteaudit<\/strong>, kus konsultatsiooni korras k\u00e4ime paariga l\u00e4bi olulisemad suhte aspektid, mille j\u00e4rgi v\u00f5iks ennustada, kui j\u00e4tkusuutlik suhe on: mis on tugevust n\u00e4itavad m\u00e4rgid ja mis on ohum\u00e4rgid. See on paaridele, kes muidu terapeudi poole ei p\u00f6\u00f6rduks, aga teevad seda n\u00fc\u00fcd, et teada saada oma suhte hetkeseis, et vajadusel selle p\u00fcsimisse edaspidi rohkem panustada. K\u00fcsimusi on 40.\u00a0\u00a0Arutame nii k\u00fcsimusi kui vastuseid koos l\u00e4bi, peatudes seal, kus on erisused. Punkte ei anta ja paar ise teeb j\u00e4reldused.\u00a0K\u00fcsimustele vestluse k\u00e4igus vastamine v\u00f5tab 2-3 kohtumist.<\/p>\n<p style=\"text-align: justify;\"><strong>Konsultatsioon<\/strong> on tihti \u00fchekordne vestlus inimesele olulisel teemal, et ta oma peas natuke rohkem selgust saaks. See on direktiivsem kui n\u00f5ustamine st et terapeut v\u00f5ib ka n\u00f5u anda, mida muidu \u00fcldjuhul teha ei soovitata.<\/p>\n<p style=\"text-align: justify;\">NB! K\u00f5iki teenuseid pakun ka veebi teel (heli ja pilt), mis v\u00f5imaldab paljudele ajalist ja geograafilist paindlikkust.\u00a0<\/p>\n<p>***<\/p>\n<p>Pakun koost\u00f6\u00f6partner <strong>K\u00e4rt R\u00fc\u00fctel<\/strong>-i abiga <strong>\u00f5igusn\u00f5ustamist<\/strong>. Vastuv\u00f5tt toimub kokkuleppel st regulaarseid vastuv\u00f5tuaegu kalendris ei kuvata. See teenus on neile, kes vajavad n\u00f5u suhte juriidilistes aspektides perekonnaseaduse ja v\u00f5la\u00f5igusseaduse baasil olgu see siis varalised suhted, elatise maksmine, lapsega suhtlemise \u00f5igused ja kohustused vms. N\u00f5ustamine toimub veebi v\u00f5i kirja teel ning kohtumise toimumiseks on vajalik ettemaks. Teenust pakutakse eesti ja inglise keeles.<\/p>\n<p>K\u00e4rt R\u00fc\u00fctel on 2005.a. l\u00f5petanud Tartu \u00dclikooli \u00f5igusteaduskonna ja 2013.a samas ps\u00fchholoogia eriala. Ta on t\u00f6\u00f6tanud juristina, \u00f5igusn\u00f5unikuna ja ka Tartu Maakohtus, kus on tegelenud perekonna\u00f5iguslike vaidluste lahendamisega. Huvi valdkonna vastu on alati suur olnud &#8211; ka oma l\u00f5put\u00f6\u00f6 \u00f5igusteaduskonnas kirjutas ta perekonna \u00f5iguslikust m\u00f5istest. Lisaks on K\u00e4rt R\u00fc\u00fctel t\u00f5lkija ja toimetaja eesti-inglise-eesti suunal.<\/p>\n\n\n<p><\/p>\n","protected":false},"excerpt":{"rendered":"<p>K\u00f5ik teenused eeldavad osapooltelt aktiivset panust ehk kaasa m\u00f5tlemist. N\u00f5ustamise puhul on tavap\u00e4raselt minimaalne kohtumiste arv viis, sageli\u00a0 kohtume k\u00fcmme korda kahe [&hellip;]<\/p>\n","protected":false},"author":1,"featured_media":0,"parent":0,"menu_order":1,"comment_status":"closed","ping_status":"closed","template":"","meta":{"footnotes":""},"class_list":["post-14","page","type-page","status-publish","hentry"],"_links":{"self":[{"href":"https:\/\/suhteabi.ee\/index.php\/wp-json\/wp\/v2\/pages\/14","targetHints":{"allow":["GET"]}}],"collection":[{"href":"https:\/\/suhteabi.ee\/index.php\/wp-json\/wp\/v2\/pages"}],"about":[{"href":"https:\/\/suhteabi.ee\/index.php\/wp-json\/wp\/v2\/types\/page"}],"author":[{"embeddable":true,"href":"https:\/\/suhteabi.ee\/index.php\/wp-json\/wp\/v2\/users\/1"}],"replies":[{"embeddable":true,"href":"https:\/\/suhteabi.ee\/index.php\/wp-json\/wp\/v2\/comments?post=14"}],"version-history":[{"count":48,"href":"https:\/\/suhteabi.ee\/index.php\/wp-json\/wp\/v2\/pages\/14\/revisions"}],"predecessor-version":[{"id":9063,"href":"https:\/\/suhteabi.ee\/index.php\/wp-json\/wp\/v2\/pages\/14\/revisions\/9063"}],"wp:attachment":[{"href":"https:\/\/suhteabi.ee\/index.php\/wp-json\/wp\/v2\/media?parent=14"}],"curies":[{"name":"wp","href":"https:\/\/api.w.org\/{rel}","templated":true}]}}