{"id":2028,"date":"2017-04-25T10:02:19","date_gmt":"2017-04-25T08:02:19","guid":{"rendered":"http:\/\/suhteabi.ee\/?page_id=2028"},"modified":"2025-12-31T15:17:17","modified_gmt":"2025-12-31T13:17:17","slug":"kolleegid","status":"publish","type":"page","link":"https:\/\/suhteabi.ee\/index.php\/kolleegid\/","title":{"rendered":"KOLLEEGID"},"content":{"rendered":"<p>Tegelen k\u00fcll laia teemade ringiga, aga on siiski m\u00f5ningad teemad, mille k\u00e4sitlemiseks soovitan p\u00f6\u00f6rduda kolleegi poole. Samuti ei ole ma kriisin\u00f5ustaja.<\/p>\n<p><strong>Helen S\u00f6\u00f6l<\/strong>-il on \u00fcle seitsme aastaga kogunenud ekspertteadmised naistevastase v\u00e4givalla, perev\u00e4givalla ja seksuaalv\u00e4givalla teemadel.\u00a0\u00a0Helen omab magistrikraadi ps\u00fchholoogias. 2016. aastal andis ta v\u00e4lja pedagoogilise lasteraamatu seksuaalv\u00e4givallast \u201cMinu keha on minu oma\u201d. Raamat \u00f5petab lastele erinevust hea ja halva puudutuse vahel, kuidas tunda \u00e4ra v\u00e4\u00e4rkohtlevaid situatsioone, kuidas \u00f6elda &#8220;EI&#8221; ning kuidas r\u00e4\u00e4kida v\u00e4\u00e4rkohtlemisest usaldusv\u00e4\u00e4rsele t\u00e4iskasvanule. Helen tegeleb ka laiemalt traumaga ning noorte depressiooniga. N\u00f5ustamiskeeled on eesti ja inglise keel.<\/p>\n<p>Kontaktid: helen@suhtelabor.ee ; <a href=\"http:\/\/www.suhtelabor.ee\/\">http:\/\/www.suhtelabor.ee\/<\/a> tel: 56253279<\/p>\n\n\n<p>Alkoholiprobleemide puhul soovitan programmi &#8220;Kainem ja Tervem Eesti&#8221;, mis kestab 2023. aasta l\u00f5puni ning pakub komplekset teenust ja tasuta. Rohkem infot:  <a href=\"https:\/\/www.tai.ee\/et\/kte\">https:\/\/www.tai.ee\/et\/kte<\/a> . Raviteenust pakutakse \u00fcle terve Eesti.<\/p>\n\n\n\n<p><strong>Kriisi <\/strong>korral soovitan k\u00f5igepealt vaadata kodulehte: <a href=\"https:\/\/eluliin.ee\/\">https:\/\/eluliin.ee\/<\/a> , kus saab edasi t\u00e4psemat infot vastavalt sellel, mille j\u00e4rel k\u00f5ige suurem vajadus parasjagu on. Valikus on ka erinevad suhtluskanalid: veebivestlus, telefon, vastuv\u00f5tt.<\/p>\n\n\n\n<p>*Eluliin: 6558 088 (eesti keel), 655 5688 (vene keel) (iga p\u00e4ev\u00a019\u201307) \u2013 inimesele, kes on emotsionaalse kriisi seisundis, depressioonis, tunneb\u00a0s\u00fcgavat muret kaotuse ja leina t\u00f5ttu, tunneb\u00a0\u00fcksindust, kannatab\u00a0v\u00e4givalla all,\u00a0kogeb\u00a0mitmesuguseid suhte- ja pereprobleeme, sotsiaalseid raskusi v\u00f5i soovib\u00a0elust lahkuda.<br>*Ohvriabi telefon 116 006 (24 h) annab kiiret abi inimesele, kes on langenud s\u00fc\u00fcteo, hooletuse v\u00f5i halva kohtlemise ohvriks v\u00f5i on kogenud f\u00fc\u00fcsilist, vaimset, majanduslikku v\u00f5i seksuaalset v\u00e4givalda.<br>*Emotsionaalne tugi ja hingehoid: 116 123 (n\u00f5ustajad iga p\u00e4ev kell 10\u201324, hingehoidjad 16\u201324) annab tuge haigustest, \u00f5nnetustest v\u00f5i elusituatsioonist p\u00f5hjustatud ps\u00fc\u00fchilise kriisi leevendamiseks ja turvatunde loomiseks.<\/p>\n\n\n\n<p>Kui tunned, et sinu v\u00f5i l\u00e4hedase elu on enesetapum\u00f5tete t\u00f5ttu ohus, p\u00f6\u00f6rdu erakorralisele vastuv\u00f5tule ps\u00fchhiaatriakliiniku valvetuppa (\u00f6\u00f6p\u00e4ev l\u00e4bi):<br>Tallinnas: 6172 650, Paldiski mnt 52<br>Tartus: 731 8764, Raja 31<br>P\u00e4rnus: 516 0379, Ristiku 1<br>Viljandis: 435 4255, J\u00e4mejala, Pargi tee 14<br>Erakorralise meditsiini osakond Narvas: 357 1795, Haigla 1<br>Erakorralise meditsiini osakond Ahtmes: 331 1074, Ahtme mnt 95<br>Loe abimaterjali: \u201e<a href=\"https:\/\/peaasi.ee\/kui-sinu-lahedane-on-votnud-endalt-elu-abimaterjal-lahedastele-ja-nende-toetajatele\/\" title=\"\">Kui sinu l\u00e4hedane on v\u00f5tnud endalt elu. Abimaterjal l\u00e4hedastele ja nende toetajatele\u201c<\/a><\/p>\n\n\n\n<p>Vaimse tervise abi: https:\/\/enesetunne.ee\/leia-abi\/vaimse-tervise-abi\/ Veebin\u00f5ustamine: https:\/\/www.palunabi.ee\/vaimne-tervis <br><a href=\"https:\/\/www.lasteabi.ee\/et\" title=\"\">Lasteabi<\/a>: 116 111 (24 tundi)<\/p>\n\n\n\n<p>Noorte n\u00f5ustamise kohta saab l\u00e4hemat infot siit: <a href=\"https:\/\/peaasi.ee\/kysi-noustajalt\/\" target=\"_blank\" rel=\"noreferrer noopener\">https:\/\/peaasi.ee\/kysi-noustajalt\/<\/a> . <br>Koolips\u00fchholoogide tugiliin 1226 (eesti keeles)<\/p>\n\n\n\n<p>Noortele on tasuta n\u00f5ustamine kui nad on h\u00e4das alkoholi v\u00f5i nikotiinitoodetega kas koolis v\u00f5i Tallinnas Tammsaare tee 92. Teenust saab kasutada l\u00e4bi kooli\u00f5e v\u00f5i vaimnetervis@kth.ee<\/p>\n\n\n\n<p>Kaheksas linnas t\u00f6\u00f6tab kord kuus <a href=\"https:\/\/peaasi.ee\/vaimse-tervise-kohvik\/\" title=\"\">vaimse tervise kohvik<\/a>. Veel abipakkujaid saate otsida siit: <a href=\"https:\/\/lahendus.net\/database\" target=\"_blank\" rel=\"noreferrer noopener\" title=\"https:\/\/lahendus.net\/database\">https:\/\/lahendus.net\/database<\/a><\/p>\n","protected":false},"excerpt":{"rendered":"<p>Tegelen k\u00fcll laia teemade ringiga, aga on siiski m\u00f5ningad teemad, mille k\u00e4sitlemiseks soovitan p\u00f6\u00f6rduda kolleegi poole. Samuti ei ole ma kriisin\u00f5ustaja. Helen [&hellip;]<\/p>\n","protected":false},"author":2,"featured_media":0,"parent":0,"menu_order":0,"comment_status":"closed","ping_status":"closed","template":"","meta":{"footnotes":""},"class_list":["post-2028","page","type-page","status-publish","hentry"],"_links":{"self":[{"href":"https:\/\/suhteabi.ee\/index.php\/wp-json\/wp\/v2\/pages\/2028","targetHints":{"allow":["GET"]}}],"collection":[{"href":"https:\/\/suhteabi.ee\/index.php\/wp-json\/wp\/v2\/pages"}],"about":[{"href":"https:\/\/suhteabi.ee\/index.php\/wp-json\/wp\/v2\/types\/page"}],"author":[{"embeddable":true,"href":"https:\/\/suhteabi.ee\/index.php\/wp-json\/wp\/v2\/users\/2"}],"replies":[{"embeddable":true,"href":"https:\/\/suhteabi.ee\/index.php\/wp-json\/wp\/v2\/comments?post=2028"}],"version-history":[{"count":24,"href":"https:\/\/suhteabi.ee\/index.php\/wp-json\/wp\/v2\/pages\/2028\/revisions"}],"predecessor-version":[{"id":9197,"href":"https:\/\/suhteabi.ee\/index.php\/wp-json\/wp\/v2\/pages\/2028\/revisions\/9197"}],"wp:attachment":[{"href":"https:\/\/suhteabi.ee\/index.php\/wp-json\/wp\/v2\/media?parent=2028"}],"curies":[{"name":"wp","href":"https:\/\/api.w.org\/{rel}","templated":true}]}}