{"id":47,"date":"2010-06-22T14:50:03","date_gmt":"2010-06-22T12:50:03","guid":{"rendered":"http:\/\/suhteabi.ee\/index.php\/"},"modified":"2023-02-06T12:46:06","modified_gmt":"2023-02-06T10:46:06","slug":"endast","status":"publish","type":"page","link":"https:\/\/suhteabi.ee\/index.php\/endast\/","title":{"rendered":"ENDAST"},"content":{"rendered":"<div><\/div>\n<div style=\"text-align: justify;\"><a href=\"http:\/\/suhteabi.ee\/wp-content\/uploads\/2010\/06\/portree2015.jpg\"><img loading=\"lazy\" decoding=\"async\" class=\" size-medium wp-image-977 alignright\" src=\"http:\/\/suhteabi.ee\/wp-content\/uploads\/2010\/06\/portree2015-200x300.jpg\" alt=\"portree2015\" width=\"200\" height=\"300\" srcset=\"https:\/\/suhteabi.ee\/wp-content\/uploads\/2010\/06\/portree2015-200x300.jpg 200w, https:\/\/suhteabi.ee\/wp-content\/uploads\/2010\/06\/portree2015-683x1024.jpg 683w, https:\/\/suhteabi.ee\/wp-content\/uploads\/2010\/06\/portree2015-624x936.jpg 624w, https:\/\/suhteabi.ee\/wp-content\/uploads\/2010\/06\/portree2015.jpg 1485w\" sizes=\"auto, (max-width: 200px) 100vw, 200px\" \/><\/a>\u00dclikoolihariduse omandasin Kanadas, kui 1995.a. l\u00f5petasin seal ps\u00fchholoogia eriala. Aastaid tegin erasektoris personalit\u00f6\u00f6d kuni 2006.aastal m\u00f5istsin, et minu kutsumus on aidata teistel oma suhteid parandada. Selleks alustasin 2007.a kevadel perekonnaps\u00fchhoteraapia v\u00e4lja\u00f5pet, mis andis mulle 2011.aasta kevadel pereterapeudi kvalifikatsiooni. Olen Eesti Pereteraapia \u00dchingu liige. Lisaks olen \u00f5ppinud perelepitust, mille l\u00f5petasin 2008.a. 2012.a. l\u00e4bisin Tunnetekeskse teraapia koolituse. Tunnetekeskne teraapia (Emotionally Focused Therapy) on \u00fcks viis m\u00f5ista t\u00e4iskasvanutevahelisi armastussuhteid ja ravida sellega seotud stressi. T\u00e4iendasin ennast sellel suunal 2017.a. ja 2018.a., mil koolituse fookus oli teismeliste laste ja nende vanemate vahelise parema kontakti saavutamisel ning lisaks \u00f5ppisime, kuidas suhet tervendada kui k\u00f5rvalsuhe on seda kahjustanud. 2013.a. \u00f5ppisin Imago kliinilise sissejuhatava koolituse k\u00e4igus, kuidas paare (laps-vanem, mees-naine) omavahel r\u00e4\u00e4kima ja m\u00f5istma saab. Imago dialoog on selleks v\u00e4ga t\u00f5hus vahend. 2015.a. l\u00e4bisin \u00e4rksameelsuse (mindfulness) kursuse, mille abil \u00f5petada klientidel nende \u00e4revust maandada potentsiaalselt ellu rohkem r\u00f5\u00f5mu tuua. 2015.a. sain grupijuhi tunnistuse ja sellest ajast koolitan 3-6 ja 8-12-aastaste sobimatult k\u00e4ituvate laste vanemaid programmi &#8220;Imelised aastad&#8221; raames. 2017.a. kevadel tunnistati minu kvalifikatsioon sertifikaadi v\u00e4\u00e4riliseks ning alates 2019.a. novembrist olen sertifitseeritud teiste grupijuhtide <em>coach<\/em>. Sama koolituse raames \u00f5ppisin motiveerivat intervjueerimist, mida on sobilik kasutada siis, kui inimesel on teatud muutuse ees kahetised tunded (tahaks muutust aga samas ei tahaks ka). Erik van der Elst Hollandist koolitas mind, kuidas tekitada koost\u00f6\u00f6\u00f5hkkonda lahutatud lapsevanemate vahel, kelle vahel on tugev konflikt ning 2017.a. kevadel viisime \u00f5pitud metoodikaga l\u00e4bi &#8220;Dialoog laste nimel&#8221; koolitusgrupi, mille k\u00e4igus n\u00e4gime ilmelisi muutusi. 2019.a. s\u00fcgisel osalesin Tiiu Bolzmanni meistriklassis teemaks perekonstellatsioonid. See on v\u00e4ga hea viis emotsionaalseid peresidemetega seotud teemasid natuke k\u00f5rvalseisja pilguga vaadata. Nii v\u00f5ib ka teatud haiguss\u00fcmptomeid vaadelda. Kujutletavaid jutuajamisi ja m\u00e4ngulisust teraapias aitas oma t\u00f6\u00f6sse tuua 2022.a. l\u00e4bitud ps\u00fchhodraamat tutvustav koolitus. 2019.a. ja 2022.a. vastasin <a href=\"https:\/\/tarkvanem.ee\/kusi-nou\/\">tarkvanem.ee<\/a> vanemate k\u00fcsimustele, mida oli \u00fcle 100 ning koost\u00f6\u00f6 on j\u00e4tkunud erinevate t\u00f6\u00f6lehtede loomisega.<br \/>\nVabatahtlikuna olen 2008-2011 teinud koost\u00f6\u00f6d J\u00fcri G\u00fcmnaasiumiga, 2009-2014 Tallinna Lasterikaste Perede Liiduga ja 2010-2013 Avitusega. 2012-2014 kirjutasin tellimusel Delfi naistekale suhteteemadel ja 2013-2015 vastasin vastused.ee oma valdkonna k\u00fcsimustele. 2014.a. jaanuaris k\u00e4ivitasin koos juhataja Pia Ruotsalaga EELK Perekeskuse, mis pakub peren\u00f5ustamisteenust, on t\u00e4naseks aidanud \u00fcle\u00a0 1500 inimest, on laienenud Tartusse, Haapsallu ja J\u00f5hvi. 2015.a. koostasin suhtesobitusportaalile Teele ja Toots k\u00fcsimustiku, mille abil inimesi omavahel sobitada. J\u00e4rgnes TV3 telesaade &#8220;Abielus esimesest silmapilgust&#8221;, kus eesm\u00e4rk oli sama: inimesed omavahel sobitada ning neid siis nende suhte arengul n\u00f5ustada. Tegutsen koolitajana ja 2016.a. j\u00f5udsid vaatajateni kaks e-kursust ahsoo.ee keskkonnas: &#8220;<a href=\"http:\/\/ahsoo.ee\/et\/kursused\/kas-lahku-minna-ja-kuidas\">Kas ja kuidas lahku minna<\/a>?&#8221; ning &#8220;<a href=\"http:\/\/ahsoo.ee\/et\/kursused\/kuidas-hoida-tundeid-ja-v%C3%A4ltida-k%C3%B5rvalsuhte-tekkimist\">Kuidas hoida tundeid ja v\u00e4ltida k\u00f5rvalsuhte tekkimist<\/a>?&#8221;<\/div>\n<div style=\"text-align: justify;\">N\u00f5ustamiskeelena eelistan eesti ja inglise keelt. Vene keeles saan hakkama.<\/div>\n<div style=\"text-align: justify;\">N\u00fc\u00fcdseks olen kirjutanud kolm raamatut: &#8220;<a href=\"https:\/\/www.rahvaraamat.ee\/p\/suhteaudit-k%C3%A4siraamat-paaridele\/637932\/et?isbn=9789949390304#\">Suhteaudit: k\u00e4siraamat paaridele<\/a>&#8220;, Bestselleri kirjanduskonkursi oma kategooria v\u00f5idut\u00f6\u00f6 &#8220;<a href=\"https:\/\/www.rahvaraamat.ee\/p\/kuidas-hoida-armastust\/1028093\/et?isbn=9789949621347#\">Kuidas hoida armastust<\/a>?&#8221;, millest on olmunud kordustr\u00fckk ja e-raamat ning uus teos <a href=\"https:\/\/www.apollo.ee\/miks-petetakse-kasiraamat-ennetuseks-ja-lahenduseks.html\">&#8220;Miks petetakse? K\u00e4siraamat ennetuseks ja lahenduseks&#8221;<\/a>. Hobina olen kirjutanud suheteteemalist <a href=\"http:\/\/www.karpsekart.blogspot.com\/\" target=\"_blank\" rel=\"noopener noreferrer\">blogi<\/a> , kuhu viimasel ajal olen koondanud meedias kajastatu ning mille 2021 asendasin <a href=\"https:\/\/www.facebook.com\/kartkase.suhteabi\">FB lehega<\/a>. Olen kaasautor ajakirjale Eesti Naine.<\/div>\n<div style=\"text-align: justify;\">K\u00f5ige rohkem on seni minu juurde leidnud tee inimesed, kelle jaoks on aktuaalne teema lahkuminek v\u00f5i lahusolek. Nad kas kaaluvad seda, soovivad seda v\u00f5imalikult valutult teha v\u00f5i soovivad taas eksiga kokku saada. Aina sagedamini tuleb sisse petmise teemat: kas ja kuidas on sellest v\u00f5imalik \u00fcle saada. Palju on kommunikatsiooniprobleeme ja t\u00fclitsemisteemat. Samuti on palju n\u00f5ustamist olnud k\u00e4itumisprobleemidega laste teemal.<\/div>\n","protected":false},"excerpt":{"rendered":"<p>\u00dclikoolihariduse omandasin Kanadas, kui 1995.a. l\u00f5petasin seal ps\u00fchholoogia eriala. Aastaid tegin erasektoris personalit\u00f6\u00f6d kuni 2006.aastal m\u00f5istsin, et minu kutsumus on aidata teistel [&hellip;]<\/p>\n","protected":false},"author":1,"featured_media":0,"parent":0,"menu_order":4,"comment_status":"closed","ping_status":"closed","template":"","meta":{"footnotes":""},"class_list":["post-47","page","type-page","status-publish","hentry"],"_links":{"self":[{"href":"https:\/\/suhteabi.ee\/index.php\/wp-json\/wp\/v2\/pages\/47","targetHints":{"allow":["GET"]}}],"collection":[{"href":"https:\/\/suhteabi.ee\/index.php\/wp-json\/wp\/v2\/pages"}],"about":[{"href":"https:\/\/suhteabi.ee\/index.php\/wp-json\/wp\/v2\/types\/page"}],"author":[{"embeddable":true,"href":"https:\/\/suhteabi.ee\/index.php\/wp-json\/wp\/v2\/users\/1"}],"replies":[{"embeddable":true,"href":"https:\/\/suhteabi.ee\/index.php\/wp-json\/wp\/v2\/comments?post=47"}],"version-history":[{"count":61,"href":"https:\/\/suhteabi.ee\/index.php\/wp-json\/wp\/v2\/pages\/47\/revisions"}],"predecessor-version":[{"id":8371,"href":"https:\/\/suhteabi.ee\/index.php\/wp-json\/wp\/v2\/pages\/47\/revisions\/8371"}],"wp:attachment":[{"href":"https:\/\/suhteabi.ee\/index.php\/wp-json\/wp\/v2\/media?parent=47"}],"curies":[{"name":"wp","href":"https:\/\/api.w.org\/{rel}","templated":true}]}}