{"id":717,"date":"2014-09-18T16:07:44","date_gmt":"2014-09-18T14:07:44","guid":{"rendered":"http:\/\/suhteabi.ee\/?page_id=717"},"modified":"2026-01-05T12:31:17","modified_gmt":"2026-01-05T10:31:17","slug":"lugemist","status":"publish","type":"page","link":"https:\/\/suhteabi.ee\/index.php\/lugemist\/","title":{"rendered":"LUGEMIST, KOOLITUSED ja E-KURSUSED"},"content":{"rendered":"<p>\u00dcldiselt teeb K\u00e4rt Kase koolitusi tellimise peale. V\u00f5imalikud teemad on: &#8220;Suhtevajadused &#8211; kuidas armastust hoida?&#8221;, &#8220;Suhte <em>restart<\/em> e kuidas kulunud suhet uuendada&#8221;, &#8220;Kuidas muuta oma suhet petmiskindlaks?&#8221;, &#8220;Kuidas j\u00e4\u00e4da kokku ja petmisest koos \u00fcle saada?&#8221; K\u00e4rt viib l\u00e4bi erinevad vanemlusega seotud koolitusi teemadel jonn, piiride seadmine, koost\u00f6\u00f6 arendamine lapsega, lapsega kontakti loomine ja hoidmine, konfliktide lahendamine, stressijuhtimine, ajajuhtimine, tagasiside andmine. Viimased teemad on ka \u00fcldisemalt k\u00e4sitletavad sh t\u00f6\u00f6keskkonnas.\u00a0\u00a0<\/p>\n<p><span style=\"color: #000000;\">Uued e-kursused on arendamisel, aga seniks vaadake olemasolevaid vahendaja kaudu. Olen v\u00e4ga t\u00e4nulik, kui kursuse tellimisel kirjutate juurde, et saite info Suhteabi.ee lehelt.<\/span><\/p>\n<p><span style=\"color: #000000;\"><a style=\"color: #000000;\" href=\"http:\/\/ahsoo.ee\/et\/kursused\/kas-lahku-minna-ja-kuidas\">&#8220;Kas lahku minna ja kuidas?&#8221;<\/a><\/span><\/p>\n<p><span style=\"color: #000000;\"><a style=\"color: #000000;\" href=\"http:\/\/ahsoo.ee\/et\/kursused\/kuidas-hoida-tundeid-ja-v%C3%A4ltida-k%C3%B5rvalsuhte-tekkimist\">&#8220;Kuidas hoida tundeid ja v\u00e4ltida k\u00f5rvalsuhte tekkimist?&#8221;<\/a><\/span><\/p>\n<p>K\u00e4rt Kase 2021.a. ilmunud raamat <a href=\"https:\/\/www.apollo.ee\/miks-petetakse-kasiraamat-ennetuseks-ja-lahenduseks.html\">&#8220;Miks petetakse? K\u00e4siraamat ennetuseks ja lahenduseks.&#8221;<\/a> on saadaval Apollost ja ka autorilt. \u00dchelt poolt on tegemist k\u00fcll Eesti oma petmislugudega ja nende anal\u00fc\u00fcsimisega nii petja kui petetu poolt, teiselt poolt on \u00e4ra toodud nende lood, kes on petmisest koos \u00fcle saanud. Ainukordne v\u00f5imalus on lugeda ja s\u00fc\u00fcbida kaheksa erineva teraapiate kirjeldustesse, et soovi korral valida, milline siis endale sobiks kui vajadus tekib. Enamus teraapiaid ei ole teemap\u00f5hised seega kirjeldus on \u00fcldistatav pea igale murele.\u00a0<\/p>\n<p>Teise raamatu &#8220;<a href=\"https:\/\/www.rahvaraamat.ee\/p\/e-raamat-kuidas-hoida-armastust\/1393353\/et?isbn=9789949099061&amp;fbclid=IwAR3VlAXyI5HTu0U1LhigXRm8p9HAoEeBjkypyTyjEsISgmnCPjc8kD08FdM\">Kuidas hoida armastust<\/a>?&#8221; kordustr\u00fckk on l\u00e4bi m\u00fc\u00fcdud ning hetkel on viimased eksemplarid saadaval otse autorilt ning lugeda saab ka e-<a href=\"https:\/\/eraamatud.pilgrim.ee\/book\/9789949099061\/kuidas-hoida-armastust\">raamatut<\/a>. Teos sobib neile, kes on oma suhtes tunnete m\u00f5ttes natuke v\u00e4sinud ning soovivad selget ja struktureeritud l\u00e4henemist sellele, kuidas armastusetunnet taasluua. Lisaks on toodud palju n\u00e4iteid, kuidas ma teraapias k\u00e4sitlen erinevaid suhtevajadustega seotud probleeme, mis armastuse tunnet v\u00e4hendavad. L\u00f5pus on paljude tuntud ja v\u00e4hem tuntud paaride n\u00e4gemus sellest, mis pikalt koos hoiab ja milline k\u00fcps armastus on. Alkeemias avaldatud katkend on loetav <a href=\"http:\/\/alkeemia.delfi.ee\/eneseareng\/raamatud\/alkeemia-lugemisnurk-et-suhe-toimiks-peab-sinu-emotsionaalsel-pangaarvel-olema-vabu-vahendeid?id=81691991\">siit<\/a>.<\/p>\n<p>Esimene raamat <a href=\"https:\/\/www.rahvaraamat.ee\/p\/suhteaudit-k%C3%A4siraamat-paaridele\/637932\/et?isbn=9789949390304#\">&#8220;Suhteaudit: k\u00e4siraamat paaridele&#8221;<\/a> on pigem suhte diagnostikaks ehk siis neile, kel olulisi probleeme pole, aga kes siiski tahaks oma suhtele korraks pilgu heita, et kas see v\u00f5iks kanda ka pikemas perspektiivis. K\u00fcsimustikule koos vastamine aitab tuvastada potentsiaalsed murekohad ning nendega juba ennetavalt tegeleda. Raamatus on mitmed harjutused, mida koos v\u00f5i eraldi teha. Raamat sobib ka v\u00e4rskelt kokku saanud paaridele hindamaks loodava suhtevundamendi tugevust. Kahjuks on tiraaz l\u00e4bi m\u00fc\u00fcdud, aga suhteauditi teenust saab osta autorilt.<\/p>\n<p>Tihti k\u00fcsitakse lugemissoovitusi \u00fche v\u00f5i teise teema s\u00fcvitsi k\u00e4sitlemiseks \u00fcksi rahus ja vaikuses v\u00f5i koos partneriga arutledes. Panen m\u00f5ned siia kirja, mis on minu arvates v\u00e4\u00e4rt lugemist.<\/p>\n<ul>\n<li>V\u00e4ga palju tuleb vastuv\u00f5tule inimesi, kes on \u00e4revad, kelle erinevad m\u00f5tted kihutavad peas ringi, vahest ei lase magada v\u00f5i \u00e4ratavad keset \u00f6\u00f6d \u00fcles. Endast aru saamiseks, m\u00f5tete vaigistamiseks ja kontrollimiseks, vaimse tasakaalu taastamiseks sobib v\u00e4ga h\u00e4sti raamat\u00a0 <a href=\"https:\/\/www.rahvaraamat.ee\/p\/%C3%A4rksus-tee-rahuni-p%C3%B6%C3%B6rases-maailmas\/468468\/et?isbn=9789949531271\">&#8220;\u00c4rksus. Tee rahuni p\u00f6\u00f6rases maailmas&#8221;.<\/a> Kui raamatu ostate, siis on boonuseks kaasas heliplaat erinevate meditatsioonidega, mis kui isegi alguses tunduvad igavad v\u00f5i v\u00f5imatud, v\u00f5imaldavad paremat kontakti olevikuga ja ka oma kehaga.<\/li>\n<li>Kliendid on abi saanud raamatust G. Chapmani &#8220;<a href=\"http:\/\/www.rahvaraamat.ee\/p\/armastuse-viis-keelt\/28471\/et?isbn=9789985998595\" target=\"_blank\" rel=\"noopener noreferrer\">Armastuse viis keelt<\/a>. Seal on juttu sellest, kuidas inimesed avaldavad armastust erineval moel ja kui partneri armastusavaldus\u00a0on meie viisist erinev, ei pruugi me seda m\u00e4rgata v\u00f5i t\u00e4htsustada.<\/li>\n<li>Ise ei ole veel lugenud, aga teised on kiitnud raamatuid: &#8220;<a href=\"https:\/\/rahvaraamat.ee\/p\/%C3%A4revuse-lahtiharutamine\/1642706\/et?isbn=9789916635254&amp;gad_source=1&amp;gclid=CjwKCAjw-JG5BhBZEiwAt7JR67YIZHub2eE2ebPyKPbUuSz9yGvLMTC2juOUjhG2xcRVfXjwVnvAZBoCQ5wQAvD_BwE\">\u00c4revuse lahtiharutamine<\/a>&#8221; ja <a href=\"https:\/\/rahvaraamat.ee\/p\/ma-olen-piisav\/1939989\/et?isbn=9789916421017&amp;gad_source=1&amp;gclid=CjwKCAjw-JG5BhBZEiwAt7JR69gGU4isKYVaH-TSWE-Ng_guoUblnIfOCSjeXxE5FLIRuYKsknB0HxoC1gYQAvD_BwE\">&#8220;Ma olen piisav&#8221;<\/a> eriti noortele lugemissoovituseks.<\/li>\n<\/ul>\n<p>T\u00e4iendan loetelu jooksvalt, aga suhteteemadel lugemist leiate ka minu <a href=\"http:\/\/www.karpsekart.blogspot.com\/\" target=\"_blank\" rel=\"noopener noreferrer\">blogist<\/a> ning al 2021.a. <a href=\"https:\/\/www.facebook.com\/kartkase.suhteabi\">FB lehelt<\/a> .<\/p>\n<p>Instagram : <a href=\"https:\/\/www.instagram.com\/suhteabi\/\">https:\/\/www.instagram.com\/suhteabi\/\u00a0<\/a><\/p>\n<p><strong>\u201e<\/strong><a href=\"https:\/\/www.sotsiaalkindlustusamet.ee\/sites\/default\/files\/documents\/2024-01\/Vanema-juhend-lahkuminek_08.01.2024.pdf\">Vanema juhend: Teave ja tugi lahku minevatele lastega perekondadele<\/a><strong>\u201c<\/strong>\u00a0<\/p>\n<p class=\"elementor-heading-title elementor-size-medium\"><a href=\"https:\/\/esmaabi.peaasi.ee\/podcastid\/\">Pearaadio vaimse tervise taskuh\u00e4\u00e4lingud<\/a><\/p>\n<p><a href=\"https:\/\/peaasi.ee\/kuidas-olla-toeks-lahedasele-kes-on-teinud-enesetapukatse\/\">Kuidas olla toeks l\u00e4hedasele, kes on teinud enesetapukatse?<\/a><\/p>\n<p><a href=\"https:\/\/peaasi.ee\/toovihikud\/\">Enesevigastamisest loobumise t\u00f6\u00f6vihik ja muud t\u00f6\u00f6vihikud<\/a><\/p>\n\n\n<p><\/p>\n","protected":false},"excerpt":{"rendered":"<p>\u00dcldiselt teeb K\u00e4rt Kase koolitusi tellimise peale. V\u00f5imalikud teemad on: &#8220;Suhtevajadused &#8211; kuidas armastust hoida?&#8221;, &#8220;Suhte restart e kuidas kulunud suhet uuendada&#8221;, [&hellip;]<\/p>\n","protected":false},"author":2,"featured_media":0,"parent":0,"menu_order":0,"comment_status":"closed","ping_status":"open","template":"","meta":{"footnotes":""},"class_list":["post-717","page","type-page","status-publish","hentry"],"_links":{"self":[{"href":"https:\/\/suhteabi.ee\/index.php\/wp-json\/wp\/v2\/pages\/717","targetHints":{"allow":["GET"]}}],"collection":[{"href":"https:\/\/suhteabi.ee\/index.php\/wp-json\/wp\/v2\/pages"}],"about":[{"href":"https:\/\/suhteabi.ee\/index.php\/wp-json\/wp\/v2\/types\/page"}],"author":[{"embeddable":true,"href":"https:\/\/suhteabi.ee\/index.php\/wp-json\/wp\/v2\/users\/2"}],"replies":[{"embeddable":true,"href":"https:\/\/suhteabi.ee\/index.php\/wp-json\/wp\/v2\/comments?post=717"}],"version-history":[{"count":38,"href":"https:\/\/suhteabi.ee\/index.php\/wp-json\/wp\/v2\/pages\/717\/revisions"}],"predecessor-version":[{"id":9200,"href":"https:\/\/suhteabi.ee\/index.php\/wp-json\/wp\/v2\/pages\/717\/revisions\/9200"}],"wp:attachment":[{"href":"https:\/\/suhteabi.ee\/index.php\/wp-json\/wp\/v2\/media?parent=717"}],"curies":[{"name":"wp","href":"https:\/\/api.w.org\/{rel}","templated":true}]}}