{"id":9,"date":"2010-06-21T09:44:37","date_gmt":"2010-06-21T07:44:37","guid":{"rendered":"http:\/\/suhteabi.ee\/index.php\/"},"modified":"2025-06-29T15:39:54","modified_gmt":"2025-06-29T13:39:54","slug":"hind","status":"publish","type":"page","link":"https:\/\/suhteabi.ee\/index.php\/hind\/","title":{"rendered":"HIND"},"content":{"rendered":"<p style=\"text-align: justify;\">Konsultatsioon (individuaalne): <strong>80\u00a0EUR\/kord<\/strong> (kord = 60min).\u00a0<br \/><span style=\"color: #ff0000;\"><br \/><\/span>N\u00f5ustamine (individuaalne):\u00a0 <strong>80 EUR\/kord<\/strong>.\u00a0<\/p>\n<p>N\u00f5ustamine (paarile v\u00f5i perele): <strong>80 EUR\/kord<\/strong>.\u00a0<\/p>\n<p style=\"text-align: justify;\">Suhteaudit (v\u00f5tab kaks kohtumist): <strong>150 EUR<\/strong>.\u00a0<\/p>\n<p style=\"text-align: justify;\">Kui on soov kohtuda muul ajal, kui tavavastuv\u00f5tt, siis on hind <strong>20 eur<\/strong>\/kord kallim.<\/p>\n<p>V\u00f5imalus on maksta n\u00f6 <strong>sponsortasu 90 eur\/kord<\/strong> inimestel, kes soovivad toetada nende n\u00f5ustamist, kelle jaoks see muidu taskukohane poleks.<\/p>\n<p>NB! Kui vajate abi, aga t\u00e4issummat maksta pole j\u00f5ukohane, palun kirjutage enne broneeringu tegemist selgitusega meil ning lepime kokku soodushinnas.\u00a0<\/p>\n<p style=\"text-align: justify;\"><span style=\"color: #ff0000;\">Tasumine kontaktkohtumisel toimub kas \u00fclekandega enne kohtumist v\u00f5i p\u00e4rast kohtumist sularahas.<\/span><\/p>\n<p style=\"text-align: justify;\"><b>Veebi teel<\/b> n\u00f5ustamise puhul on vajalik ettemaksu laekumine kohtumisele eelneval p\u00e4eval. Rekvisiidid on j\u00e4rgmised:<\/p>\n<p style=\"text-align: justify;\"><span style=\"color: #ff0000;\">Suhtekunst O\u00dc<\/span><br \/><span style=\"color: #ff0000;\">EE847700771011369768<\/span><\/p>\n<p>Saan v\u00e4ljastada arveid ja neid saab esitada ka t\u00f6\u00f6andjale kui on vaimse tervise teenuseid sisaldav kindlustuspakett.<\/p>\n<p style=\"text-align: justify;\">Mittetulemise tasud:<\/p>\n<p style=\"text-align: justify;\">Kui broneeritud aeg \u00f6eldakse \u00e4ra v\u00e4hem kui 24h enne selle toimumist &#8211; 10 eurot<\/p>\n<p>Kui broneeritud aeg \u00f6eldakse \u00e4ra v\u00e4hem kui 12h enne selle toimumist &#8211; 20 eurot<\/p>\n<p style=\"text-align: justify;\">Kui v\u00e4hem kui 6h \u00a0&#8211; kogu \u00e4raj\u00e4\u00e4nud kohtumise tasu<\/p>\n<p style=\"text-align: justify;\">***<\/p>\n<p style=\"text-align: justify;\"><strong>\u00d5igusn\u00f5ustamine<\/strong>: 80 EUR\/kord &#8211; vajalik ettemaksu laekumine enne kohtumise algust l\u00e4biviijale K\u00e4rt R\u00fc\u00fctlile, kes tegutseb firma alt Tamm T\u00f5lked O\u00dc ning konto number on EE042200221049405571.<\/p>\n\n\n<p><\/p>\n","protected":false},"excerpt":{"rendered":"<p>Konsultatsioon (individuaalne): 80\u00a0EUR\/kord (kord = 60min).\u00a0N\u00f5ustamine (individuaalne):\u00a0 80 EUR\/kord.\u00a0 N\u00f5ustamine (paarile v\u00f5i perele): 80 EUR\/kord.\u00a0 Suhteaudit (v\u00f5tab kaks kohtumist): 150 EUR.\u00a0 Kui [&hellip;]<\/p>\n","protected":false},"author":1,"featured_media":0,"parent":0,"menu_order":3,"comment_status":"closed","ping_status":"closed","template":"","meta":{"footnotes":""},"class_list":["post-9","page","type-page","status-publish","hentry"],"_links":{"self":[{"href":"https:\/\/suhteabi.ee\/index.php\/wp-json\/wp\/v2\/pages\/9","targetHints":{"allow":["GET"]}}],"collection":[{"href":"https:\/\/suhteabi.ee\/index.php\/wp-json\/wp\/v2\/pages"}],"about":[{"href":"https:\/\/suhteabi.ee\/index.php\/wp-json\/wp\/v2\/types\/page"}],"author":[{"embeddable":true,"href":"https:\/\/suhteabi.ee\/index.php\/wp-json\/wp\/v2\/users\/1"}],"replies":[{"embeddable":true,"href":"https:\/\/suhteabi.ee\/index.php\/wp-json\/wp\/v2\/comments?post=9"}],"version-history":[{"count":104,"href":"https:\/\/suhteabi.ee\/index.php\/wp-json\/wp\/v2\/pages\/9\/revisions"}],"predecessor-version":[{"id":9147,"href":"https:\/\/suhteabi.ee\/index.php\/wp-json\/wp\/v2\/pages\/9\/revisions\/9147"}],"wp:attachment":[{"href":"https:\/\/suhteabi.ee\/index.php\/wp-json\/wp\/v2\/media?parent=9"}],"curies":[{"name":"wp","href":"https:\/\/api.w.org\/{rel}","templated":true}]}}