{"id":9112,"date":"2025-04-29T19:21:18","date_gmt":"2025-04-29T17:21:18","guid":{"rendered":"https:\/\/suhteabi.ee\/?page_id=9112"},"modified":"2026-04-16T13:28:17","modified_gmt":"2026-04-16T11:28:17","slug":"madala-iha-klubi","status":"publish","type":"page","link":"https:\/\/suhteabi.ee\/index.php\/madala-iha-klubi\/","title":{"rendered":"Madala iha klubi (ja kuidas sellest elegantselt v\u00e4ljuda)"},"content":{"rendered":"\n<p>Esimene Klubi kogunemine toimus juunis 2025. Kuna osalejad soovitasid kindlasti kursust uuesti l\u00e4bi viia, siis uus kuup\u00e4ev 2026.a. juuni alguses on juba paigas ning registreerimine avatud.<\/p>\n\n\n\n<p>Nopped tagasisidest:<\/p>\n\n\n\n<p><em>&#8220;Olen siit ja sealt teema kohta lugenud, aga meeldis tervikk\u00e4sitlus,&#8221; &#8220;Meeldisid sisekaemust juhtivad k\u00fcsimused,&#8221; &#8220;Hindan v\u00e4ga grupi avatust ja julgust jagada oma lugusid &#8211; hea on teada, et ma pole \u00fcksi, et teistel on ka vahepeal raske,&#8221; &#8220;Saan aru, et olen liiga t\u00f5sine &#8211; t\u00fctarlaps minus tuleb \u00fcles leida,&#8221;, &#8220;Sobis, et kogu kursus oli \u00fcles ehitatud v\u00f5imestamise peale, et ohvri rollist v\u00e4lja tulla,&#8221; &#8220;Harjutused olid m\u00f5nusad, neid tahan kodus ka teha,&#8221; &#8220;Ruum oli sobiv ja turvaline, aus ja ilustamata.&#8221; <\/em><\/p>\n\n\n\n<p><a href=\"http:\/\/suhteabi.ee\/wp-content\/uploads\/2025\/04\/Madala-iha-klubi-v2.mp4\">Reklaamvideo<\/a><\/p>\n\n\n\n<p>Kui sulle on oluline emotsionaalne heaolu, eneseareng ja soovid oma suhet hoida, aga hetkel olete partneriga seksi p\u00e4rast v\u00f5imuv\u00f5itluses ning tupikus v\u00f5i lihtsalt rohkem v\u00f5i v\u00e4hem eduakalt v\u00e4ldite seda teemat;<\/p>\n\n\n\n<p>kui oled uurinud ise ja arutanud ka s\u00f5brannaga intiimsuse, iha ja partneriga \u00fchenduse hoidmise v\u00e4ljakutseid, aga vajad midagi veel;<\/p>\n\n\n\n<p>siis pakun v\u00f5imalust, mis on loodud just selleks, et aidata sul \u00fclalnimetatud valdkondi s\u00fcgavamalt m\u00f5ista ja neis paremini navigeerida.<\/p>\n\n\n\n<p>Eesm\u00e4rk on:<\/p>\n\n\n\n<p>&#x2714; M\u00f5ista, kuidas iha aja jooksul ja elumuutuste k\u00e4igus muutub<br>&#x2714; \u00dcletada emotsionaalseid v\u00f5i ps\u00fchholoogilisi takistusi intiimsuse saavutamisel<br>&#x2714; \u00d5ppida viise emotsionaalse l\u00e4heduse ja f\u00fc\u00fcsilise iha tasakaalustamiseks<br>&#x2714; (Taas)avastada enesekindlus, m\u00e4ngulisus ja r\u00f5\u00f5m suhetes<\/p>\n\n\n\n<p>Kursus on ps\u00fchholoogiline ja enesereflektsioonile suunatud, keskendudes soovide k\u00f5ikumistele, emotsionaalsele l\u00e4hedusele ja praktilistele strateegiatele kirglikkuse taastamiseks.<\/p>\n\n\n\n<p>Hinnanguvabalt, ilma surveta ja heade soovidega<\/p>\n\n\n\n<p>K\u00e4rt<\/p>\n\n\n\n<p>Grupi maksimumsuurus on 8.<\/p>\n\n\n\n<p>Toimumikoht: Tervisekliinik (\u00d5ie 37, Tallinn).<\/p>\n\n\n\n<p>Toiumumisaeg: <strong>6.-7.06.26 kell 10-16.<\/strong><\/p>\n\n\n\n<p>Tasu: soodushind 99 eur (v\u00f5rreldav \u00fche teraapiakohtumise hinnaga) kuni 30.04.26. T\u00e4ishind: 129 eur. Arve v\u00e4ljastamise v\u00f5imalus.<\/p>\n\n\n\n<p><\/p>\n\n\n\n<p>Kohtumise formaat: miniloengud, arutelud, harjutused<\/p>\n\n\n\n<p>Osalemisssoovist palun anna m\u00e4rku <a href=\"https:\/\/forms.gle\/YmGVz7enUEWEH5yr7\">siin <\/a>.<\/p>\n\n\n\n<p><\/p>\n","protected":false},"excerpt":{"rendered":"<p>Esimene Klubi kogunemine toimus juunis 2025. Kuna osalejad soovitasid kindlasti kursust uuesti l\u00e4bi viia, siis uus kuup\u00e4ev 2026.a. juuni alguses on juba [&hellip;]<\/p>\n","protected":false},"author":1,"featured_media":0,"parent":0,"menu_order":0,"comment_status":"closed","ping_status":"closed","template":"","meta":{"footnotes":""},"class_list":["post-9112","page","type-page","status-publish","hentry"],"_links":{"self":[{"href":"https:\/\/suhteabi.ee\/index.php\/wp-json\/wp\/v2\/pages\/9112","targetHints":{"allow":["GET"]}}],"collection":[{"href":"https:\/\/suhteabi.ee\/index.php\/wp-json\/wp\/v2\/pages"}],"about":[{"href":"https:\/\/suhteabi.ee\/index.php\/wp-json\/wp\/v2\/types\/page"}],"author":[{"embeddable":true,"href":"https:\/\/suhteabi.ee\/index.php\/wp-json\/wp\/v2\/users\/1"}],"replies":[{"embeddable":true,"href":"https:\/\/suhteabi.ee\/index.php\/wp-json\/wp\/v2\/comments?post=9112"}],"version-history":[{"count":16,"href":"https:\/\/suhteabi.ee\/index.php\/wp-json\/wp\/v2\/pages\/9112\/revisions"}],"predecessor-version":[{"id":9236,"href":"https:\/\/suhteabi.ee\/index.php\/wp-json\/wp\/v2\/pages\/9112\/revisions\/9236"}],"wp:attachment":[{"href":"https:\/\/suhteabi.ee\/index.php\/wp-json\/wp\/v2\/media?parent=9112"}],"curies":[{"name":"wp","href":"https:\/\/api.w.org\/{rel}","templated":true}]}}